{"id":2710,"date":"2025-01-16T15:52:59","date_gmt":"2025-01-16T18:52:59","guid":{"rendered":"https:\/\/hospitalsantoantonio.org.br\/home\/?page_id=2710"},"modified":"2025-03-17T16:59:48","modified_gmt":"2025-03-17T19:59:48","slug":"processoseletivo","status":"publish","type":"page","link":"https:\/\/hospitalsantoantonio.org.br\/home\/processoseletivo\/","title":{"rendered":"Processo Seletivo"},"content":{"rendered":"\n<p class=\"has-medium-font-size\" style=\"font-style:normal;font-weight:700\"><strong>M\u00c9DICO(A) PLANTONISTA PARA PRONTOCL\u00cdNICA<\/strong><\/p>\n\n\n\n<p><strong>Se voc\u00ea busca fazer parte de uma equipe dedicada \u00e0 excel\u00eancia no atendimento, esta \u00e9 a sua oportunidade!<\/strong><\/p>\n\n\n\n<p><a href=\"https:\/\/hospitalsantoantonio.org.br\/home\/wp-content\/uploads\/2025\/01\/EDITAL_PROCESSO_SELETIVO_MEDICO_assinado.pdf\" target=\"_blank\" rel=\"noreferrer noopener\"><strong>EDITAL<\/strong><\/a><\/p>\n\n\n\n<p><a href=\"https:\/\/hospitalsantoantonio.org.br\/home\/wp-content\/uploads\/2025\/01\/1a-ERRATA-AO-EDITAL-SIMPLIFICADO-PROCESSO-SELETIVO-PARA-MEDICO-PLANTONISTA-PRONTOCLINICA.pdf\"><strong>1\u00aa ERRATA AO EDITAL SIMPLIFICADO &#8211; PROCESSO SELETIVO PARA MEDICO PLANTONISTA PRONTOCLINICA<\/strong><\/a><\/p>\n\n\n\n<p><a href=\"https:\/\/hospitalsantoantonio.org.br\/home\/wp-content\/uploads\/2025\/01\/GABARITO_assinado.pdf\"><strong>GABARITO<\/strong><\/a><\/p>\n\n\n\n<p><a href=\"https:\/\/hospitalsantoantonio.org.br\/home\/wp-content\/uploads\/2025\/01\/RESULTADO_FINAL_DA_SELECAO_PARA_MEDICO_PLANTONISTA_-_PRONTOCLINICA_assinado.pdf\"><strong>RESULTADO FINAL<\/strong><\/a><\/p>\n\n\n\n<p><strong><a href=\"https:\/\/hospitalsantoantonio.org.br\/home\/wp-content\/uploads\/2025\/03\/Chamento_dos_aprovados_-_01-1_assinado.pdf\">CHAMAMENTO DOS APROVADOS<\/a><\/strong><\/p>\n","protected":false},"excerpt":{"rendered":"<p>M\u00c9DICO(A) PLANTONISTA PARA PRONTOCL\u00cdNICA Se voc\u00ea busca fazer parte de uma equipe dedicada \u00e0 excel\u00eancia no atendimento, esta \u00e9 a sua oportunidade! EDITAL 1\u00aa ERRATA AO EDITAL SIMPLIFICADO &#8211; PROCESSO SELETIVO PARA MEDICO PLANTONISTA PRONTOCLINICA GABARITO RESULTADO FINAL CHAMAMENTO DOS APROVADOS<\/p>\n","protected":false},"author":1,"featured_media":0,"parent":0,"menu_order":0,"comment_status":"closed","ping_status":"closed","template":"","meta":{"_exactmetrics_skip_tracking":false,"_exactmetrics_sitenote_active":false,"_exactmetrics_sitenote_note":"","_exactmetrics_sitenote_category":0,"footnotes":"","_links_to":"","_links_to_target":""},"class_list":["post-2710","page","type-page","status-publish","hentry"],"_links":{"self":[{"href":"https:\/\/hospitalsantoantonio.org.br\/home\/wp-json\/wp\/v2\/pages\/2710","targetHints":{"allow":["GET"]}}],"collection":[{"href":"https:\/\/hospitalsantoantonio.org.br\/home\/wp-json\/wp\/v2\/pages"}],"about":[{"href":"https:\/\/hospitalsantoantonio.org.br\/home\/wp-json\/wp\/v2\/types\/page"}],"author":[{"embeddable":true,"href":"https:\/\/hospitalsantoantonio.org.br\/home\/wp-json\/wp\/v2\/users\/1"}],"replies":[{"embeddable":true,"href":"https:\/\/hospitalsantoantonio.org.br\/home\/wp-json\/wp\/v2\/comments?post=2710"}],"version-history":[{"count":52,"href":"https:\/\/hospitalsantoantonio.org.br\/home\/wp-json\/wp\/v2\/pages\/2710\/revisions"}],"predecessor-version":[{"id":2825,"href":"https:\/\/hospitalsantoantonio.org.br\/home\/wp-json\/wp\/v2\/pages\/2710\/revisions\/2825"}],"wp:attachment":[{"href":"https:\/\/hospitalsantoantonio.org.br\/home\/wp-json\/wp\/v2\/media?parent=2710"}],"curies":[{"name":"wp","href":"https:\/\/api.w.org\/{rel}","templated":true}]}}