{"id":29,"date":"2017-07-25T11:04:01","date_gmt":"2017-07-25T11:04:01","guid":{"rendered":"http:\/\/hospitalsantoantonio.org.br\/home\/?page_id=29"},"modified":"2019-11-04T14:39:15","modified_gmt":"2019-11-04T14:39:15","slug":"convenios","status":"publish","type":"page","link":"https:\/\/hospitalsantoantonio.org.br\/home\/convenios\/","title":{"rendered":"Conv\u00eanios"},"content":{"rendered":"<p>&nbsp;<\/p>\n<h2 class=\"font_2\" style=\"text-align: center;\">Abaixo, os conv\u00eanios que s\u00e3o atendidos pelo Hospital Santo Ant\u00f4nio:<\/h2>\n<p style=\"text-align: center;\">Para os atendimentos realizados atrav\u00e9s de conv\u00eanio, voc\u00ea dever\u00e1 trazer:<\/p>\n<p style=\"text-align: center;\">1. Carteirinha do conv\u00eanio com o nome do paciente;<br \/>\n2. Carteira de Identidade ou Certid\u00e3o de Nascimento;<\/p>\n<ul class=\"font_8\">\n<li>\n<p class=\"font_8\">ALLIANZ<\/p>\n<\/li>\n<li>\n<p class=\"font_8\">AMIL<\/p>\n<\/li>\n<li>\n<p class=\"font_8\">ASSEFAZ<\/p>\n<\/li>\n<li>\n<p class=\"font_8\">CAPESESP<\/p>\n<\/li>\n<li>\n<p class=\"font_8\">CASSI<\/p>\n<\/li>\n<li>\n<p class=\"font_8\">CASU\/UFMG CAIXA DE ASSIST\u00caNCIA SA\u00daDE<\/p>\n<\/li>\n<li>\n<p class=\"font_8\">CEMIG SA\u00daDE<\/p>\n<\/li>\n<li>\n<p class=\"font_8\">COPASA SA\u00daDE<\/p>\n<\/li>\n<li>\n<p class=\"font_8\">FUNDA\u00c7\u00c3O LIBERTAS DE SEGURIDADE<\/p>\n<\/li>\n<li>\n<p class=\"font_8\">FUNDA\u00c7\u00c3O SA\u00daDE ITA\u00da- PAMPULHA<\/p>\n<\/li>\n<li>\n<p class=\"font_8\">FUNDAFFEMG<\/p>\n<\/li>\n<li>\n<p class=\"font_8\">GEAP &#8211; PATRONAL<\/p>\n<\/li>\n<li>\n<p class=\"font_8\">IPSEMG<\/p>\n<\/li>\n<li>\n<p class=\"font_8\">PASA &#8211; PLANO ASSIST\u00caNCIA A SA\u00daDE<\/p>\n<\/li>\n<li>\n<p class=\"font_8\">POLICIA MILITAR<\/p>\n<\/li>\n<li>\n<p class=\"font_8\">POSTAL SA\u00daDE<\/p>\n<\/li>\n<li>\n<p class=\"font_8\">PROMED<\/p>\n<\/li>\n<li>\n<p class=\"font_8\">SA\u00daDE BRADESCO<\/p>\n<\/li>\n<li>\n<p class=\"font_8\">SA\u00daDE CAIXA &#8211; C.E.F.<\/p>\n<\/li>\n<li>\n<p class=\"font_8\">SA\u00daDE -SISTEMA ASSISTENCIAL<\/p>\n<\/li>\n<li>\n<p class=\"font_8\">SUL AM\u00c9RICA SEGUROS<\/p>\n<\/li>\n<li>\n<p class=\"font_8\">SUS<\/p>\n<\/li>\n<li>\n<p class=\"font_8\">UNIMED<\/p>\n<\/li>\n<li>\n<p class=\"font_8\">VIVAMED &#8211; SA\u00daDE EM TEMPO INTEGRAL<\/p>\n<\/li>\n<\/ul>\n","protected":false},"excerpt":{"rendered":"<p>&nbsp; Abaixo, os conv\u00eanios que s\u00e3o atendidos pelo Hospital Santo Ant\u00f4nio: Para os atendimentos realizados atrav\u00e9s de conv\u00eanio, voc\u00ea dever\u00e1 trazer: 1. Carteirinha do conv\u00eanio com o nome do paciente; 2. Carteira de Identidade ou Certid\u00e3o de Nascimento; ALLIANZ AMIL ASSEFAZ CAPESESP CASSI CASU\/UFMG CAIXA DE ASSIST\u00caNCIA SA\u00daDE CEMIG SA\u00daDE COPASA SA\u00daDE FUNDA\u00c7\u00c3O LIBERTAS DE [&hellip;]<\/p>\n","protected":false},"author":1,"featured_media":0,"parent":0,"menu_order":4,"comment_status":"closed","ping_status":"closed","template":"","meta":{"_exactmetrics_skip_tracking":false,"_exactmetrics_sitenote_active":false,"_exactmetrics_sitenote_note":"","_exactmetrics_sitenote_category":0,"footnotes":"","_links_to":"","_links_to_target":""},"class_list":["post-29","page","type-page","status-publish","hentry"],"_links":{"self":[{"href":"https:\/\/hospitalsantoantonio.org.br\/home\/wp-json\/wp\/v2\/pages\/29","targetHints":{"allow":["GET"]}}],"collection":[{"href":"https:\/\/hospitalsantoantonio.org.br\/home\/wp-json\/wp\/v2\/pages"}],"about":[{"href":"https:\/\/hospitalsantoantonio.org.br\/home\/wp-json\/wp\/v2\/types\/page"}],"author":[{"embeddable":true,"href":"https:\/\/hospitalsantoantonio.org.br\/home\/wp-json\/wp\/v2\/users\/1"}],"replies":[{"embeddable":true,"href":"https:\/\/hospitalsantoantonio.org.br\/home\/wp-json\/wp\/v2\/comments?post=29"}],"version-history":[{"count":6,"href":"https:\/\/hospitalsantoantonio.org.br\/home\/wp-json\/wp\/v2\/pages\/29\/revisions"}],"predecessor-version":[{"id":1183,"href":"https:\/\/hospitalsantoantonio.org.br\/home\/wp-json\/wp\/v2\/pages\/29\/revisions\/1183"}],"wp:attachment":[{"href":"https:\/\/hospitalsantoantonio.org.br\/home\/wp-json\/wp\/v2\/media?parent=29"}],"curies":[{"name":"wp","href":"https:\/\/api.w.org\/{rel}","templated":true}]}}