{"id":31,"date":"2017-07-25T11:04:16","date_gmt":"2017-07-25T11:04:16","guid":{"rendered":"http:\/\/hospitalsantoantonio.org.br\/home\/?page_id=31"},"modified":"2024-06-07T20:44:28","modified_gmt":"2024-06-07T17:44:28","slug":"o-hospital","status":"publish","type":"page","link":"https:\/\/hospitalsantoantonio.org.br\/home\/o-hospital\/","title":{"rendered":"O Hospital"},"content":{"rendered":"\n<p class=\"has-text-align-left texto-justificado\">Situado em Curvelo, regi\u00e3o central de Minas Gerais, o Hospital Santo Ant\u00f4nio \u00e9 uma entidade filantr\u00f3pica, registrada no Conselho Nacional de Assist\u00eancia Social e reconhecida como Utilidade P\u00fablica pelo Minist\u00e9rio da Justi\u00e7a.<\/p>\n\n\n\n<p class=\"texto-justificado\">H\u00e1 mais de 150 anos presta atendimento m\u00e9dico\/hospitalar, sendo mais de 70% destes atendimentos destinados aos pacientes do SUS \u2013 Sistema \u00danico de Sa\u00fade, al\u00e9m dos atendimentos aos Conv\u00eanios e Particulares.<\/p>\n\n\n\n<p class=\"texto-justificado\">O Hospital Santo Ant\u00f4nio \u00e9 considerado p\u00f3lo referencial de atendimento \u00e0 sa\u00fade, pois, abrange uma grande regi\u00e3o, em m\u00e9dia mais de 30 munic\u00edpios e a uma popula\u00e7\u00e3o de aproximadamente 400.000 habitantes, sendo 80.000 destes, residentes no munic\u00edpio de Curvelo.<\/p>\n\n\n\n<p class=\"texto-justificado\">Com cerca de 300 funcion\u00e1rios e mais de 80 m\u00e9dicos autorizados a atendimento, o Hospital Santo Ant\u00f4nio est\u00e1 preparado para atender os mais variados casos de urg\u00eancia e emerg\u00eancia, tratamentos e cirurgias de n\u00edveis diferentes de complexidade.<\/p>\n\n\n\n<p class=\"texto-justificado\">Al\u00e9m das unidades de interna\u00e7\u00e3o, o Hospital conta tamb\u00e9m com setores de hemodi\u00e1lise, hemodin\u00e2mica, radiologia (incluindo tomografia), ortopedia, cardiologia e laborat\u00f3rio pr\u00f3prio.<\/p>\n\n\n\n<p class=\"texto-justificado\">O Hospital Santo Ant\u00f4nio orgulha-se por ser conhecido e reconhecido como refer\u00eancia na qualidade de seus servi\u00e7os, por sua capacidade tecnol\u00f3gica, por contar com uma equipe de m\u00e9dicos renomados e de funcion\u00e1rios dedicados, e por oferecer um atendimento humano que valoriza a vida em primeiro lugar.<\/p>\n\n\n\n<h2 class=\"wp-block-heading has-text-align-center\"><span style=\"font-family: georgia, palatino, serif;\">H\u00e1 mais de 150 anos cuidando da Sa\u00fade de Curvelo e regi\u00e3o<\/span><\/h2>\n\n\n\n<h4 class=\"wp-block-heading has-text-align-center\"><strong>Acervo Hist\u00f3rico do Hospital Santo Ant\u00f4nio<\/strong><\/h4>\n\n\n\n<figure class=\"wp-block-table\"><table class=\"has-black-color has-text-color has-link-color has-fixed-layout\"><tbody><tr><td><a href=\"http:\/\/hospitalsantoantonio.org.br\/home\/wp-content\/uploads\/2020\/06\/FOTO-ORIGINAL.jpg\" target=\"_blank\" rel=\"noopener\"><img fetchpriority=\"high\" decoding=\"async\" class=\"alignnone wp-image-1312 size-large\" src=\"http:\/\/hospitalsantoantonio.org.br\/home\/wp-content\/uploads\/2020\/06\/FOTO-ORIGINAL-1024x702.jpg\" alt=\"\" width=\"1024\" height=\"702\" srcset=\"https:\/\/hospitalsantoantonio.org.br\/home\/wp-content\/uploads\/2020\/06\/FOTO-ORIGINAL-1024x702.jpg 1024w, https:\/\/hospitalsantoantonio.org.br\/home\/wp-content\/uploads\/2020\/06\/FOTO-ORIGINAL-300x206.jpg 300w, https:\/\/hospitalsantoantonio.org.br\/home\/wp-content\/uploads\/2020\/06\/FOTO-ORIGINAL-768x526.jpg 768w\" sizes=\"(max-width: 1024px) 100vw, 1024px\" \/><\/a><\/td><td><a href=\"http:\/\/hospitalsantoantonio.org.br\/home\/wp-content\/uploads\/2020\/06\/Quadro-5.jpg\" target=\"_blank\" rel=\"noopener\"><img decoding=\"async\" class=\"alignnone wp-image-1313 size-large\" src=\"http:\/\/hospitalsantoantonio.org.br\/home\/wp-content\/uploads\/2020\/06\/Quadro-5-1024x819.jpg\" alt=\"\" width=\"1024\" height=\"819\" srcset=\"https:\/\/hospitalsantoantonio.org.br\/home\/wp-content\/uploads\/2020\/06\/Quadro-5-1024x819.jpg 1024w, https:\/\/hospitalsantoantonio.org.br\/home\/wp-content\/uploads\/2020\/06\/Quadro-5-300x240.jpg 300w, https:\/\/hospitalsantoantonio.org.br\/home\/wp-content\/uploads\/2020\/06\/Quadro-5-768x614.jpg 768w\" sizes=\"(max-width: 1024px) 100vw, 1024px\" \/><\/a><\/td><td><a href=\"http:\/\/hospitalsantoantonio.org.br\/home\/wp-content\/uploads\/2020\/06\/545064_10200192531406151_170809169_n.jpg\" target=\"_blank\" rel=\"noopener\"><img decoding=\"async\" class=\"alignnone wp-image-1285 size-full\" src=\"http:\/\/hospitalsantoantonio.org.br\/home\/wp-content\/uploads\/2020\/06\/545064_10200192531406151_170809169_n.jpg\" alt=\"\" width=\"599\" height=\"410\" srcset=\"https:\/\/hospitalsantoantonio.org.br\/home\/wp-content\/uploads\/2020\/06\/545064_10200192531406151_170809169_n.jpg 599w, https:\/\/hospitalsantoantonio.org.br\/home\/wp-content\/uploads\/2020\/06\/545064_10200192531406151_170809169_n-300x205.jpg 300w\" sizes=\"(max-width: 599px) 100vw, 599px\" \/><\/a><\/td><\/tr><tr><td><a href=\"http:\/\/hospitalsantoantonio.org.br\/home\/wp-content\/uploads\/2020\/06\/53092848_10218317425357172_5639991714115485696_n.jpg\" target=\"_blank\" rel=\"noopener\"><img loading=\"lazy\" decoding=\"async\" class=\"alignnone wp-image-1283 size-full\" src=\"http:\/\/hospitalsantoantonio.org.br\/home\/wp-content\/uploads\/2020\/06\/53092848_10218317425357172_5639991714115485696_n.jpg\" alt=\"\" width=\"480\" height=\"357\" srcset=\"https:\/\/hospitalsantoantonio.org.br\/home\/wp-content\/uploads\/2020\/06\/53092848_10218317425357172_5639991714115485696_n.jpg 480w, https:\/\/hospitalsantoantonio.org.br\/home\/wp-content\/uploads\/2020\/06\/53092848_10218317425357172_5639991714115485696_n-300x223.jpg 300w\" sizes=\"(max-width: 480px) 100vw, 480px\" \/><\/a><\/td><td><a href=\"http:\/\/hospitalsantoantonio.org.br\/home\/wp-content\/uploads\/2020\/06\/207741_10200192536726284_436838663_n.jpg\" target=\"_blank\" rel=\"noopener\"><img loading=\"lazy\" decoding=\"async\" class=\"alignnone wp-image-1284 size-full\" src=\"http:\/\/hospitalsantoantonio.org.br\/home\/wp-content\/uploads\/2020\/06\/207741_10200192536726284_436838663_n.jpg\" alt=\"\" width=\"464\" height=\"354\" srcset=\"https:\/\/hospitalsantoantonio.org.br\/home\/wp-content\/uploads\/2020\/06\/207741_10200192536726284_436838663_n.jpg 464w, https:\/\/hospitalsantoantonio.org.br\/home\/wp-content\/uploads\/2020\/06\/207741_10200192536726284_436838663_n-300x229.jpg 300w\" sizes=\"(max-width: 464px) 100vw, 464px\" \/><\/a><\/td><td><a href=\"http:\/\/www.curveloonline.com\/wp-content\/uploads\/Fachada-do-Hospital-Santo-Ant%C3%B4nio-segundo-uma-placa-no-fundo-era-o-ano-de-1957..jpg\" target=\"_blank\" rel=\"noopener\"><img loading=\"lazy\" decoding=\"async\" class=\"alignnone\" style=\"display: block; margin-left: auto; margin-right: auto;\" src=\"http:\/\/www.curveloonline.com\/wp-content\/uploads\/Fachada-do-Hospital-Santo-Ant%C3%B4nio-segundo-uma-placa-no-fundo-era-o-ano-de-1957..jpg\" alt=\"\" width=\"1115\" height=\"811\"><\/a><\/td><\/tr><tr><td><a href=\"http:\/\/hospitalsantoantonio.org.br\/home\/wp-content\/uploads\/2020\/06\/Fachada-2.jpg\" target=\"_blank\" rel=\"noopener\"><img loading=\"lazy\" decoding=\"async\" class=\"alignnone wp-image-1306 size-full\" src=\"http:\/\/hospitalsantoantonio.org.br\/home\/wp-content\/uploads\/2020\/06\/Fachada-2.jpg\" alt=\"\" width=\"640\" height=\"480\" srcset=\"https:\/\/hospitalsantoantonio.org.br\/home\/wp-content\/uploads\/2020\/06\/Fachada-2.jpg 640w, https:\/\/hospitalsantoantonio.org.br\/home\/wp-content\/uploads\/2020\/06\/Fachada-2-300x225.jpg 300w\" sizes=\"(max-width: 640px) 100vw, 640px\" \/><\/a><\/td><td><a href=\"http:\/\/hospitalsantoantonio.org.br\/home\/wp-content\/uploads\/2020\/06\/DSC01089.jpg\" target=\"_blank\" rel=\"noopener\"><img loading=\"lazy\" decoding=\"async\" class=\"alignnone wp-image-1304 size-large\" src=\"http:\/\/hospitalsantoantonio.org.br\/home\/wp-content\/uploads\/2020\/06\/DSC01089-1024x768.jpg\" alt=\"\" width=\"1024\" height=\"768\" srcset=\"https:\/\/hospitalsantoantonio.org.br\/home\/wp-content\/uploads\/2020\/06\/DSC01089-1024x768.jpg 1024w, https:\/\/hospitalsantoantonio.org.br\/home\/wp-content\/uploads\/2020\/06\/DSC01089-300x225.jpg 300w, https:\/\/hospitalsantoantonio.org.br\/home\/wp-content\/uploads\/2020\/06\/DSC01089-768x576.jpg 768w\" sizes=\"(max-width: 1024px) 100vw, 1024px\" \/><\/a><\/td><td><a href=\"http:\/\/hospitalsantoantonio.org.br\/home\/wp-content\/uploads\/2020\/08\/HSA-11.jpg\" target=\"_blank\" rel=\"noopener\"><img loading=\"lazy\" decoding=\"async\" class=\"alignnone wp-image-1455 size-full\" src=\"http:\/\/hospitalsantoantonio.org.br\/home\/wp-content\/uploads\/2020\/08\/HSA-11.jpg\" alt=\"\" width=\"1830\" height=\"1440\" srcset=\"https:\/\/hospitalsantoantonio.org.br\/home\/wp-content\/uploads\/2020\/08\/HSA-11.jpg 1830w, https:\/\/hospitalsantoantonio.org.br\/home\/wp-content\/uploads\/2020\/08\/HSA-11-300x236.jpg 300w, https:\/\/hospitalsantoantonio.org.br\/home\/wp-content\/uploads\/2020\/08\/HSA-11-768x604.jpg 768w, https:\/\/hospitalsantoantonio.org.br\/home\/wp-content\/uploads\/2020\/08\/HSA-11-1024x806.jpg 1024w\" sizes=\"(max-width: 1830px) 100vw, 1830px\" \/><\/a><\/td><\/tr><tr><td>&nbsp;&nbsp;<a href=\"http:\/\/hospitalsantoantonio.org.br\/home\/wp-content\/uploads\/2020\/08\/HSA-30-2.jpg\" target=\"_blank\" rel=\"noopener\"><img loading=\"lazy\" decoding=\"async\" class=\"alignnone wp-image-1453 size-full\" src=\"http:\/\/hospitalsantoantonio.org.br\/home\/wp-content\/uploads\/2020\/08\/HSA-30-2.jpg\" alt=\"\" width=\"739\" height=\"496\" srcset=\"https:\/\/hospitalsantoantonio.org.br\/home\/wp-content\/uploads\/2020\/08\/HSA-30-2.jpg 739w, https:\/\/hospitalsantoantonio.org.br\/home\/wp-content\/uploads\/2020\/08\/HSA-30-2-300x201.jpg 300w\" sizes=\"(max-width: 739px) 100vw, 739px\" \/><\/a><\/td><td><a href=\"http:\/\/hospitalsantoantonio.org.br\/home\/wp-content\/uploads\/2020\/08\/Imagem-14.jpg\" target=\"_blank\" rel=\"noopener\"><img loading=\"lazy\" decoding=\"async\" class=\"alignnone wp-image-1456 size-full\" src=\"http:\/\/hospitalsantoantonio.org.br\/home\/wp-content\/uploads\/2020\/08\/Imagem-14.jpg\" alt=\"\" width=\"2338\" height=\"1700\" srcset=\"https:\/\/hospitalsantoantonio.org.br\/home\/wp-content\/uploads\/2020\/08\/Imagem-14.jpg 2338w, https:\/\/hospitalsantoantonio.org.br\/home\/wp-content\/uploads\/2020\/08\/Imagem-14-300x218.jpg 300w, https:\/\/hospitalsantoantonio.org.br\/home\/wp-content\/uploads\/2020\/08\/Imagem-14-768x558.jpg 768w, https:\/\/hospitalsantoantonio.org.br\/home\/wp-content\/uploads\/2020\/08\/Imagem-14-1024x745.jpg 1024w\" sizes=\"(max-width: 2338px) 100vw, 2338px\" \/><\/a><\/td><td><a href=\"http:\/\/hospitalsantoantonio.org.br\/home\/wp-content\/uploads\/2020\/08\/HSA-14-1.jpg\" target=\"_blank\" rel=\"noopener\"><img loading=\"lazy\" decoding=\"async\" class=\"alignnone wp-image-1463 size-full\" src=\"http:\/\/hospitalsantoantonio.org.br\/home\/wp-content\/uploads\/2020\/08\/HSA-14-1.jpg\" alt=\"\" width=\"1202\" height=\"1672\" srcset=\"https:\/\/hospitalsantoantonio.org.br\/home\/wp-content\/uploads\/2020\/08\/HSA-14-1.jpg 1202w, https:\/\/hospitalsantoantonio.org.br\/home\/wp-content\/uploads\/2020\/08\/HSA-14-1-216x300.jpg 216w, https:\/\/hospitalsantoantonio.org.br\/home\/wp-content\/uploads\/2020\/08\/HSA-14-1-768x1068.jpg 768w, https:\/\/hospitalsantoantonio.org.br\/home\/wp-content\/uploads\/2020\/08\/HSA-14-1-736x1024.jpg 736w\" sizes=\"(max-width: 1202px) 100vw, 1202px\" \/><\/a><\/td><\/tr><tr><td><a href=\"http:\/\/hospitalsantoantonio.org.br\/home\/wp-content\/uploads\/2020\/08\/HSA-1.jpg\" target=\"_blank\" rel=\"noopener\"><img loading=\"lazy\" decoding=\"async\" class=\"alignnone wp-image-1458 size-full\" src=\"http:\/\/hospitalsantoantonio.org.br\/home\/wp-content\/uploads\/2020\/08\/HSA-1.jpg\" alt=\"\" width=\"1263\" height=\"1731\" srcset=\"https:\/\/hospitalsantoantonio.org.br\/home\/wp-content\/uploads\/2020\/08\/HSA-1.jpg 1263w, https:\/\/hospitalsantoantonio.org.br\/home\/wp-content\/uploads\/2020\/08\/HSA-1-219x300.jpg 219w, https:\/\/hospitalsantoantonio.org.br\/home\/wp-content\/uploads\/2020\/08\/HSA-1-768x1053.jpg 768w, https:\/\/hospitalsantoantonio.org.br\/home\/wp-content\/uploads\/2020\/08\/HSA-1-747x1024.jpg 747w\" sizes=\"(max-width: 1263px) 100vw, 1263px\" \/><\/a><\/td><td><a href=\"http:\/\/hospitalsantoantonio.org.br\/home\/wp-content\/uploads\/2020\/08\/HSA-2.jpg\" target=\"_blank\" rel=\"noopener\"><img loading=\"lazy\" decoding=\"async\" class=\"alignnone wp-image-1459 size-full\" src=\"http:\/\/hospitalsantoantonio.org.br\/home\/wp-content\/uploads\/2020\/08\/HSA-2.jpg\" alt=\"\" width=\"2338\" height=\"1700\" srcset=\"https:\/\/hospitalsantoantonio.org.br\/home\/wp-content\/uploads\/2020\/08\/HSA-2.jpg 2338w, https:\/\/hospitalsantoantonio.org.br\/home\/wp-content\/uploads\/2020\/08\/HSA-2-300x218.jpg 300w, https:\/\/hospitalsantoantonio.org.br\/home\/wp-content\/uploads\/2020\/08\/HSA-2-768x558.jpg 768w, https:\/\/hospitalsantoantonio.org.br\/home\/wp-content\/uploads\/2020\/08\/HSA-2-1024x745.jpg 1024w\" sizes=\"(max-width: 2338px) 100vw, 2338px\" \/><\/a><\/td><td><a href=\"http:\/\/hospitalsantoantonio.org.br\/home\/wp-content\/uploads\/2020\/08\/HSA-3.jpg\" target=\"_blank\" rel=\"noopener\"><img loading=\"lazy\" decoding=\"async\" class=\"alignnone wp-image-1460 size-full\" style=\"text-align: start;\" src=\"http:\/\/hospitalsantoantonio.org.br\/home\/wp-content\/uploads\/2020\/08\/HSA-3.jpg\" alt=\"\" width=\"2338\" height=\"1700\" srcset=\"https:\/\/hospitalsantoantonio.org.br\/home\/wp-content\/uploads\/2020\/08\/HSA-3.jpg 2338w, https:\/\/hospitalsantoantonio.org.br\/home\/wp-content\/uploads\/2020\/08\/HSA-3-300x218.jpg 300w, https:\/\/hospitalsantoantonio.org.br\/home\/wp-content\/uploads\/2020\/08\/HSA-3-768x558.jpg 768w, https:\/\/hospitalsantoantonio.org.br\/home\/wp-content\/uploads\/2020\/08\/HSA-3-1024x745.jpg 1024w\" sizes=\"(max-width: 2338px) 100vw, 2338px\" \/><\/a><\/td><\/tr><tr><td><a href=\"http:\/\/hospitalsantoantonio.org.br\/home\/wp-content\/uploads\/2020\/08\/HSA-5-1.jpg\" target=\"_blank\" rel=\"noopener\"><img loading=\"lazy\" decoding=\"async\" class=\"alignnone wp-image-1469 size-full\" src=\"http:\/\/hospitalsantoantonio.org.br\/home\/wp-content\/uploads\/2020\/08\/HSA-5-1.jpg\" alt=\"\" width=\"2338\" height=\"1700\" srcset=\"https:\/\/hospitalsantoantonio.org.br\/home\/wp-content\/uploads\/2020\/08\/HSA-5-1.jpg 2338w, https:\/\/hospitalsantoantonio.org.br\/home\/wp-content\/uploads\/2020\/08\/HSA-5-1-300x218.jpg 300w, https:\/\/hospitalsantoantonio.org.br\/home\/wp-content\/uploads\/2020\/08\/HSA-5-1-768x558.jpg 768w, https:\/\/hospitalsantoantonio.org.br\/home\/wp-content\/uploads\/2020\/08\/HSA-5-1-1024x745.jpg 1024w\" sizes=\"(max-width: 2338px) 100vw, 2338px\" \/><\/a><\/td><td><a href=\"http:\/\/hospitalsantoantonio.org.br\/home\/wp-content\/uploads\/2020\/08\/HSA-6.jpg\" target=\"_blank\" rel=\"noopener\"><img loading=\"lazy\" decoding=\"async\" class=\"alignnone wp-image-1462 size-full\" src=\"http:\/\/hospitalsantoantonio.org.br\/home\/wp-content\/uploads\/2020\/08\/HSA-6.jpg\" alt=\"\" width=\"2338\" height=\"1700\" srcset=\"https:\/\/hospitalsantoantonio.org.br\/home\/wp-content\/uploads\/2020\/08\/HSA-6.jpg 2338w, https:\/\/hospitalsantoantonio.org.br\/home\/wp-content\/uploads\/2020\/08\/HSA-6-300x218.jpg 300w, https:\/\/hospitalsantoantonio.org.br\/home\/wp-content\/uploads\/2020\/08\/HSA-6-768x558.jpg 768w, https:\/\/hospitalsantoantonio.org.br\/home\/wp-content\/uploads\/2020\/08\/HSA-6-1024x745.jpg 1024w\" sizes=\"(max-width: 2338px) 100vw, 2338px\" \/><\/a><\/td><td>&nbsp;<\/td><\/tr><tr><td colspan=\"3\"><h2 style=\"text-align: center;\"><span style=\"color: #33cccc; font-size: 14pt;\"><strong>VOC\u00ca TEM ALGUMA FOTO OU DOCUMENTO ANTIGO DO HOSPITAL SANTO ANT\u00d4NIO?<\/strong><\/span><\/h2><h2 style=\"text-align: center;\"><span style=\"color: #33cccc; font-size: 14pt;\"><strong>COMPARTILHE COM A GENTE!<\/strong><\/span><\/h2><p style=\"text-align: center;\">AJUDE-NOS A MONTAR NOSSO ACERVO HIST\u00d3RICO<\/p><p style=\"text-align: center;\">ENVIE UM EMAIL PARA:<\/p><p style=\"text-align: center;\"><em><strong>ti@hospitalsantoantonio.org.br<\/strong><\/em><\/p><p style=\"text-align: center;\">Se poss\u00edvel inclua os dados do fot\u00f3grafo, ano ou a historia por traz da foto ou documento que iremos coloc\u00e1-la na nossa galeria.<\/p><\/td><\/tr><\/tbody><\/table><\/figure>\n","protected":false},"excerpt":{"rendered":"<p>Situado em Curvelo, regi\u00e3o central de Minas Gerais, o Hospital Santo Ant\u00f4nio \u00e9 uma entidade filantr\u00f3pica, registrada no Conselho Nacional de Assist\u00eancia Social e reconhecida como Utilidade P\u00fablica pelo Minist\u00e9rio da Justi\u00e7a. H\u00e1 mais de 150 anos presta atendimento m\u00e9dico\/hospitalar, sendo mais de 70% destes atendimentos destinados aos pacientes do SUS \u2013 Sistema \u00danico de [&hellip;]<\/p>\n","protected":false},"author":1,"featured_media":62,"parent":0,"menu_order":1,"comment_status":"closed","ping_status":"closed","template":"fullwidth.php","meta":{"_exactmetrics_skip_tracking":false,"_exactmetrics_sitenote_active":false,"_exactmetrics_sitenote_note":"","_exactmetrics_sitenote_category":0,"footnotes":"","_links_to":"","_links_to_target":""},"class_list":["post-31","page","type-page","status-publish","has-post-thumbnail","hentry"],"_links":{"self":[{"href":"https:\/\/hospitalsantoantonio.org.br\/home\/wp-json\/wp\/v2\/pages\/31","targetHints":{"allow":["GET"]}}],"collection":[{"href":"https:\/\/hospitalsantoantonio.org.br\/home\/wp-json\/wp\/v2\/pages"}],"about":[{"href":"https:\/\/hospitalsantoantonio.org.br\/home\/wp-json\/wp\/v2\/types\/page"}],"author":[{"embeddable":true,"href":"https:\/\/hospitalsantoantonio.org.br\/home\/wp-json\/wp\/v2\/users\/1"}],"replies":[{"embeddable":true,"href":"https:\/\/hospitalsantoantonio.org.br\/home\/wp-json\/wp\/v2\/comments?post=31"}],"version-history":[{"count":85,"href":"https:\/\/hospitalsantoantonio.org.br\/home\/wp-json\/wp\/v2\/pages\/31\/revisions"}],"predecessor-version":[{"id":2328,"href":"https:\/\/hospitalsantoantonio.org.br\/home\/wp-json\/wp\/v2\/pages\/31\/revisions\/2328"}],"wp:featuredmedia":[{"embeddable":true,"href":"https:\/\/hospitalsantoantonio.org.br\/home\/wp-json\/wp\/v2\/media\/62"}],"wp:attachment":[{"href":"https:\/\/hospitalsantoantonio.org.br\/home\/wp-json\/wp\/v2\/media?parent=31"}],"curies":[{"name":"wp","href":"https:\/\/api.w.org\/{rel}","templated":true}]}}