{"id":419,"date":"2017-09-21T11:20:47","date_gmt":"2017-09-21T11:20:47","guid":{"rendered":"http:\/\/hospitalsantoantonio.org.br\/home\/?page_id=419"},"modified":"2026-03-24T12:50:18","modified_gmt":"2026-03-24T15:50:18","slug":"editais","status":"publish","type":"page","link":"https:\/\/hospitalsantoantonio.org.br\/home\/editais\/","title":{"rendered":"Editais"},"content":{"rendered":"\n<p><\/p>\n\n\n<h3>EDITAL SIMPLIFICADO 2026<\/h3>\n<p><a href=\"http:\/\/hospitalsantoantonio.org.br\/home\/wp-content\/uploads\/2026\/02\/EDITAL-MEDICO-PRONTOCLINICA-HOSPITAL-SANTO-ANTONIO.pdf\" target=\"_blank\" rel=\"noopener\">EDITAL PARA M\u00c9DICO PLANTONISTA DA PRONTOCL\u00cdNICA<\/a><\/p>\n<p><a href=\"https:\/\/hospitalsantoantonio.org.br\/home\/wp-content\/uploads\/2026\/02\/Gabarito_assinado.pdf\" target=\"_blank\" rel=\"noopener\">Gabarito Assinado &#8211; Processo Seletivo<\/a><\/p>\n<p><a href=\"https:\/\/hospitalsantoantonio.org.br\/home\/wp-content\/uploads\/2026\/02\/Resultado_-_Classificacao_Parcial_-_CPF_assinado.pdf\" target=\"_blank\" rel=\"noopener\">Resultado Parcial &#8211; Processo Seletivo<\/a><\/p>\n<p><a href=\"http:\/\/hospitalsantoantonio.org.br\/home\/wp-content\/uploads\/2026\/03\/1772644160_31c162_1_errata_ao_edital__mdico_da_prontoclnica_2026.pdf\" target=\"_blank\" rel=\"noopener\"> 1\u00aa Errata \u2014 Sele\u00e7\u00e3o de M\u00e9dico Plantonista \u00b7 Prontocl\u00ednica<\/a><\/p>\n<p><a href=\"http:\/\/hospitalsantoantonio.org.br\/home\/wp-content\/uploads\/2026\/03\/Resultado-Final-do-Processo-Seletivo-Apenas-CPF.pdf\" target=\"_blank\" rel=\"noopener\">Resultado Final &#8211; Processo Seletivo<\/a><\/p>\n<p><a href=\"http:\/\/hospitalsantoantonio.org.br\/home\/wp-content\/uploads\/2026\/03\/RelatorioIgualdadeSalarialLote_2026_1_19989904000110.pdf\" target=\"_blank\" rel=\"noopener\">Relat\u00f3rio de Igualdade Salarial &#8211; 2026<\/a><\/p>\n\n\n<p><\/p>\n","protected":false},"excerpt":{"rendered":"<p>EDITAL SIMPLIFICADO 2026 EDITAL PARA M\u00c9DICO PLANTONISTA DA PRONTOCL\u00cdNICA Gabarito Assinado &#8211; Processo Seletivo Resultado Parcial &#8211; Processo Seletivo 1\u00aa Errata \u2014 Sele\u00e7\u00e3o de M\u00e9dico Plantonista \u00b7 Prontocl\u00ednica Resultado Final &#8211; Processo Seletivo Relat\u00f3rio de Igualdade Salarial &#8211; 2026<\/p>\n","protected":false},"author":1,"featured_media":0,"parent":0,"menu_order":6,"comment_status":"closed","ping_status":"closed","template":"fullwidth.php","meta":{"_exactmetrics_skip_tracking":false,"_exactmetrics_sitenote_active":false,"_exactmetrics_sitenote_note":"","_exactmetrics_sitenote_category":0,"footnotes":"","_links_to":"","_links_to_target":""},"class_list":["post-419","page","type-page","status-publish","hentry"],"_links":{"self":[{"href":"https:\/\/hospitalsantoantonio.org.br\/home\/wp-json\/wp\/v2\/pages\/419","targetHints":{"allow":["GET"]}}],"collection":[{"href":"https:\/\/hospitalsantoantonio.org.br\/home\/wp-json\/wp\/v2\/pages"}],"about":[{"href":"https:\/\/hospitalsantoantonio.org.br\/home\/wp-json\/wp\/v2\/types\/page"}],"author":[{"embeddable":true,"href":"https:\/\/hospitalsantoantonio.org.br\/home\/wp-json\/wp\/v2\/users\/1"}],"replies":[{"embeddable":true,"href":"https:\/\/hospitalsantoantonio.org.br\/home\/wp-json\/wp\/v2\/comments?post=419"}],"version-history":[{"count":81,"href":"https:\/\/hospitalsantoantonio.org.br\/home\/wp-json\/wp\/v2\/pages\/419\/revisions"}],"predecessor-version":[{"id":2926,"href":"https:\/\/hospitalsantoantonio.org.br\/home\/wp-json\/wp\/v2\/pages\/419\/revisions\/2926"}],"wp:attachment":[{"href":"https:\/\/hospitalsantoantonio.org.br\/home\/wp-json\/wp\/v2\/media?parent=419"}],"curies":[{"name":"wp","href":"https:\/\/api.w.org\/{rel}","templated":true}]}}